{"id":4383,"date":"2026-03-26T07:22:38","date_gmt":"2026-03-26T07:22:38","guid":{"rendered":"https:\/\/shop.diter.com\/?post_type=product&#038;p=4383"},"modified":"2026-03-26T08:44:56","modified_gmt":"2026-03-26T08:44:56","slug":"ditelle-lifting","status":"publish","type":"product","link":"https:\/\/shop.diter.com\/en\/product\/ditelle-lifting\/","title":{"rendered":"Ditelle Lifting &#8211; Special Edition"},"content":{"rendered":"<p><strong>Super suosittu LIFTING hoitomuoto nyt saatavilla omana laitteenaan!<\/strong><br \/>\nAsiakkaamme toivoivat ja me toteutimme! Nyt sinulla on mahdollisuus tarjota asiakkaillesi super suosittu lifting hoito. Ditelle Lifting laitteen voi tilata kahdessa eri v\u00e4riss\u00e4 harmaa ja sininen. Laitteen hintaan kuuluu veitsett\u00f6m\u00e4\u00e4n kasvojen kohotukseen suunniteltu hoitoelektrodi sek\u00e4 v\u00e4liaineet.<\/p>\n<div class=\"sow-features-feature-text\">\n<p><strong>Kenelle hoito sopii?<\/strong><\/p>\n<p>\u2714Haluat kohottaa kasvoja ilman kirurgiaa<\/p>\n<p>\u2714\u00a0Huomaat ihon veltostumista<\/p>\n<p>\u2714Haluat ennaltaehk\u00e4ist\u00e4 ik\u00e4\u00e4ntymisen merkkej\u00e4<\/p>\n<p>\u2714 Kaipaat luonnollista ja aineenvaihdunta vilkastuttavaa hoitoa<\/p>\n<p>&nbsp;<\/p>\n<\/div>\n<p><strong>Ditelle Lifting k\u00e4ytt\u00e4\u00e4 stimulaatiovirtaa, joka<\/strong><\/p>\n<p>\u2714 aktivoi kasvojen lihaksia<\/p>\n<p>\u2714 parantaa verenkiertoa<\/p>\n<p>\u2714 stimuloi kollageenin tuotantoa<\/p>\n<p>\u2714 kirkastaa ihon s\u00e4vy\u00e4<\/p>\n<p>&nbsp;<\/p>","protected":false},"excerpt":{"rendered":"<div>\n<h3>Ditelle Lifting \u2013 luonnollinen kasvojen kohotus ilman kirurgiaa<\/h3>\n<p>Kiinte\u00e4mpi iho. Selke\u00e4mm\u00e4t kasvonpiirteet. Nuorekkaampi ilme.<br \/>\nDitelle Lifting on innovatiivinen kasvohoito, joka perustuu lihastimulaatioon. Hoito aktivoi kasvojen lihaksia syv\u00e4lt\u00e4 ja pit\u00e4\u00e4 huolta, ett\u00e4 liikkeet tulevat oikein ja tehokkaasti<\/p>\n<\/div>","protected":false},"featured_media":4386,"comment_status":"closed","ping_status":"closed","template":"","meta":[],"product_brand":[],"product_cat":[702,620,602,601,628,614],"product_tag":[121,95,107,795,154,297,797,796,471],"class_list":{"0":"post-4383","1":"product","2":"type-product","3":"status-publish","4":"has-post-thumbnail","6":"product_cat-anti-age","7":"product_cat-hoitomenetelmat","8":"product_cat-hoitomuodot","9":"product_cat-kauneudenhoito","10":"product_cat-lifting","11":"product_cat-stimulaatiovirta","12":"product_tag-aineenvaihdunta","13":"product_tag-kasvohoito","14":"product_tag-kasvojen-kohotus","15":"product_tag-kiinteyttava","16":"product_tag-kirkastava","17":"product_tag-lifting","18":"product_tag-nuorentava","19":"product_tag-special-edition","20":"product_tag-stimulaatiovirta","22":"first","23":"instock","24":"taxable","25":"shipping-taxable","26":"purchasable","27":"product-type-variable"},"_links":{"self":[{"href":"https:\/\/shop.diter.com\/en\/wp-json\/wp\/v2\/product\/4383","targetHints":{"allow":["GET"]}}],"collection":[{"href":"https:\/\/shop.diter.com\/en\/wp-json\/wp\/v2\/product"}],"about":[{"href":"https:\/\/shop.diter.com\/en\/wp-json\/wp\/v2\/types\/product"}],"replies":[{"embeddable":true,"href":"https:\/\/shop.diter.com\/en\/wp-json\/wp\/v2\/comments?post=4383"}],"wp:featuredmedia":[{"embeddable":true,"href":"https:\/\/shop.diter.com\/en\/wp-json\/wp\/v2\/media\/4386"}],"wp:attachment":[{"href":"https:\/\/shop.diter.com\/en\/wp-json\/wp\/v2\/media?parent=4383"}],"wp:term":[{"taxonomy":"product_brand","embeddable":true,"href":"https:\/\/shop.diter.com\/en\/wp-json\/wp\/v2\/product_brand?post=4383"},{"taxonomy":"product_cat","embeddable":true,"href":"https:\/\/shop.diter.com\/en\/wp-json\/wp\/v2\/product_cat?post=4383"},{"taxonomy":"product_tag","embeddable":true,"href":"https:\/\/shop.diter.com\/en\/wp-json\/wp\/v2\/product_tag?post=4383"}],"curies":[{"name":"wp","href":"https:\/\/api.w.org\/{rel}","templated":true}]}}