{"id":438,"date":"2021-09-17T12:10:29","date_gmt":"2021-09-17T12:10:29","guid":{"rendered":"https:\/\/verkkokauppa.diter.com\/?post_type=product&#038;p=438"},"modified":"2026-04-07T10:56:43","modified_gmt":"2026-04-07T10:56:43","slug":"ditelle-diamond","status":"publish","type":"product","link":"https:\/\/shop.diter.com\/en\/product\/ditelle-diamond\/","title":{"rendered":"Ditelle Diamond - Diamond peeling device"},"content":{"rendered":"<p>Ditelle Diamond on helppok\u00e4ytt\u00f6inen ja kevyt timanttikuorintalaite. Laitteen mukana tulee yhdeks\u00e4n erilaista karheushoitop\u00e4\u00e4t\u00e4.<br \/>\nLaitteen n\u00e4yt\u00f6ss\u00e4 n\u00e4kyv\u00e4t hoitoasetukset ovat s\u00e4\u00e4dett\u00e4viss\u00e4 portaattomasti ennen hoitoa ja tarvittaessa my\u00f6s sen aikana. Varusteiden ohella Diamond laitteessa ei ole vaihdettavia tai huolettavia osia. Laitteessa ei ole erillist\u00e4 vaihdettavaa suodatinta vaan hoidoissa k\u00e4ytet\u00e4\u00e4n filttereit\u00e4, jotka asetetaan aina karheushoitop\u00e4\u00e4n sis\u00e4lle suojaamaan imuletkua ja laitetta.<br \/>\nT\u00e4m\u00e4 tehopakkaus sopii hyvin pieneenkin hoitolaan.<\/p>\n<div><\/div>\n<p><strong>The benefits of diamond peeling<\/strong><\/p>\n<p>Timanttikuorinta, joka my\u00f6s timanttihiontana tunnetaan, on kivuton ihon k\u00e4sittelytapa, jossa ihon pintaa kuoritaan mekaanisesti. Kuorintak\u00e4sittely tehostaa my\u00f6s hoitavien aineiden imeytyvyytt\u00e4 ja ihon v\u00e4ri kirkastuu jo ensimm\u00e4isen hoitokerran j\u00e4lkeen.<\/p>\n<p>Timanttikuorinta poistaa kuolleita ihosoluja, stimuloi verenkiertoa ja auttaa madaltamaan arpia. Hoito on t\u00e4ysin kivuton ja sopii l\u00e4hes kaikille ihotyypeille.<\/p>\n<p>\u2022 Puhdistaa mekaanisesti ilman kemikaaleja<br \/>\n\u2022 Kirkastaa sameaa ihoa<br \/>\n\u2022 Auttaa poistamaan mustap\u00e4it\u00e4<br \/>\n\u2022 Reduces surface wrinkles and pigmentation due to aging<br \/>\n\u2022 Repairs skin damage caused by acne, for example, and whitens pigmentation defects (serial treatment)<\/p>\n<div><\/div>\n<div><\/div>\n<div><\/div>","protected":false},"excerpt":{"rendered":"<div>Ditelle Diamond is the quietest diamond peeling device on the market for cosmetologists.<\/div>","protected":false},"featured_media":822,"comment_status":"closed","ping_status":"closed","template":"","meta":[],"product_brand":[],"product_cat":[613],"product_tag":[108,155,154,153,152,157,151,89,156,88,87],"class_list":{"0":"post-438","1":"product","2":"type-product","3":"status-publish","4":"has-post-thumbnail","6":"product_cat-timanttikuorinta","7":"product_tag-akne","8":"product_tag-ditelle-diamond","9":"product_tag-kirkastava","10":"product_tag-mustapaiden-poisto","11":"product_tag-pigmenttimuutokset","12":"product_tag-pigmenttivirhe","13":"product_tag-pintarypyt","14":"product_tag-puhdistus","15":"product_tag-timantti","16":"product_tag-timanttihionta","17":"product_tag-timanttikuorinta","19":"first","20":"onbackorder","21":"taxable","22":"shipping-taxable","23":"purchasable","24":"product-type-simple"},"_links":{"self":[{"href":"https:\/\/shop.diter.com\/en\/wp-json\/wp\/v2\/product\/438","targetHints":{"allow":["GET"]}}],"collection":[{"href":"https:\/\/shop.diter.com\/en\/wp-json\/wp\/v2\/product"}],"about":[{"href":"https:\/\/shop.diter.com\/en\/wp-json\/wp\/v2\/types\/product"}],"replies":[{"embeddable":true,"href":"https:\/\/shop.diter.com\/en\/wp-json\/wp\/v2\/comments?post=438"}],"wp:featuredmedia":[{"embeddable":true,"href":"https:\/\/shop.diter.com\/en\/wp-json\/wp\/v2\/media\/822"}],"wp:attachment":[{"href":"https:\/\/shop.diter.com\/en\/wp-json\/wp\/v2\/media?parent=438"}],"wp:term":[{"taxonomy":"product_brand","embeddable":true,"href":"https:\/\/shop.diter.com\/en\/wp-json\/wp\/v2\/product_brand?post=438"},{"taxonomy":"product_cat","embeddable":true,"href":"https:\/\/shop.diter.com\/en\/wp-json\/wp\/v2\/product_cat?post=438"},{"taxonomy":"product_tag","embeddable":true,"href":"https:\/\/shop.diter.com\/en\/wp-json\/wp\/v2\/product_tag?post=438"}],"curies":[{"name":"wp","href":"https:\/\/api.w.org\/{rel}","templated":true}]}}