{"id":431,"date":"2021-09-17T10:37:03","date_gmt":"2021-09-17T10:37:03","guid":{"rendered":"https:\/\/verkkokauppa.diter.com\/?post_type=product&#038;p=431"},"modified":"2025-09-30T12:28:59","modified_gmt":"2025-09-30T12:28:59","slug":"ditelle-all-in-one","status":"publish","type":"product","link":"https:\/\/shop.diter.com\/en\/product\/ditelle-all-in-one\/","title":{"rendered":"Ditelle All-in-One - facial and body treatments"},"content":{"rendered":"<p><strong>Ditelle All-In-One<\/strong> on kauneudenhoitoalan monipuolisin laite kasvo- ja vartalohoitoihin. T\u00e4ss\u00e4 yhdistelm\u00e4laitteessa on automaattinen hoitop\u00e4\u00e4n tunnistin, joten et voi vahingossa valita v\u00e4\u00e4rin. All in one on helppok\u00e4ytt\u00f6inen ja turvallinen, vaikka se on t\u00e4ynn\u00e4 kauneudenhoitoalan huipputekniikkaa. Laitteen ominaisuudet ovat kauneushoitolak\u00e4yt\u00f6ss\u00e4 l\u00e4hes rajattomat.<\/p>\n<p><strong>Ultrasound:<\/strong>\u00a0Brightens and calms the skin and helps active ingredients to absorp.<\/p>\n<p><strong>Radio frequenzy:<\/strong><\/p>\n<div>\u2022 Treatment stimulates metabolism and firms loose skin. The combination of cavitation ultrasound and radio frequenzy provides good results in sellulite treatments.<\/div>\n<div>\u2022\u00a0 Ultrasound cavitation is painless and needleless (non-invasive) form of treatment.<\/div>\n<div>\u2022\u00a0 Cavitation is done by treatment areas.<\/div>\n<div>\u2022 Ultrasonic cavitation is applied directly to fat cells that are difficult to affect with exercise.<\/div>\n<div>\u2022\u00a0 With the right frequency the fat in the fatcells changes to be more fluid. The method reduces the level of fat in the cells.<\/div>\n<div>\u2022\u00a0 Treatment decreases sellulite and helps to loose weight.<\/div>\n<p>\u2022  Radio frequenzy warms up subcutaneous adipose tissue up to 40 \u00b0 C.  It helps the fat released from fat cells to leave the body through the lymph fluid cycle.<br \/>\n<span style=\"color: #555555;\"><span style=\"color: #555555;\">\u2022 It is possible to achieve long lasting results with Radio Frequenzy treatmenti if it is supported with right kind of exercise and diet.<br \/>\n<\/span><\/span><strong style=\"color: #555555;\"><br \/>\nStimulation current:<\/strong><\/p>\n<p>Stimulation current therapies activate and train muscles and affect skin elasticity. There are many variations of the stimulation current for facial and body care. The treatment that is right for each client can be chosen. In body treatments, the main treatments are muscle firming, fat burning and muscle training.<\/p>\n<div><\/div>\n<p><strong>Interference current:<\/strong><\/p>\n<p>Interference current treatment can firm up loose skin and muscle tissue. It also increases wiriness, enhances both circulation and metabolism. Frequency power and dosage are chosen according to the treated area.<\/p>\n<div><\/div>\n<p><strong>Iontophoresis: <\/strong>Absorbs active incredients to the skin tissue with help of direct current.<\/p>\n<div><\/div>\n<p><strong>Microcurrent: <\/strong>Microcurrent is electrical stimulation using very small currents to stimulate cells. This will rejuvenate the skin and give it a healthy glow.<\/p>\n<div><\/div>\n<p><strong>Unique combination treatments:<\/strong><\/p>\n<p>Needleless mesotherapy (electroporation) is a good example of a combined treatment. Purpose of the treatment is to lower crossing resistance so that the active ingredients can be absorbed effieciently. Combination of ultrasound and electrotherapy helps absorption of active ingredients through cornea without needling. Pulsed oscillation opens the microchannels momentarily and closes them soon after the ingredients are absorbed.<\/p>","protected":false},"excerpt":{"rendered":"<div>Ditelle All-in-One &#8211; kaikki laitteella toteutettavt erikoiskasvohoidot sek\u00e4 tehokkaat vartalohoidot samassa laitteessa.<\/div>\n<div><\/div>","protected":false},"featured_media":4309,"comment_status":"closed","ping_status":"closed","template":"","meta":[],"product_brand":[],"product_cat":[702,706,621,616,700,620,602,615,623,601,624,704,628,622,625,612,701,614,703,607,699],"product_tag":[121,137,93,99,279,133,84,130,96,77,82,136,135,132,122,111,123,128,134,129,76,78,131,138],"class_list":{"0":"post-431","1":"product","2":"type-product","3":"status-publish","4":"has-post-thumbnail","6":"product_cat-anti-age","7":"product_cat-arpihoidot","8":"product_cat-elektroporaatio","9":"product_cat-galvaanine-virta","10":"product_cat-hoitava-ultraaani","11":"product_cat-hoitomenetelmat","12":"product_cat-hoitomuodot","13":"product_cat-interferenssi","14":"product_cat-iontoforeesi","15":"product_cat-kauneudenhoito","16":"product_cat-kavitaatio","17":"product_cat-kosteutus","18":"product_cat-lifting","19":"product_cat-mesoterapia","20":"product_cat-mikrovirta","21":"product_cat-radiofrekvenssi","22":"product_cat-silmanymparysiho","23":"product_cat-stimulaatiovirta","24":"product_cat-tulehtunut-ja-herkka-iho","25":"product_cat-ultraani-imeytys","26":"product_cat-ultraaani-kavitaatio","27":"product_tag-aineenvaihdunta","28":"product_tag-all-in-one","29":"product_tag-avainlipputuote","30":"product_tag-ditelle","31":"product_tag-ditelle-cav","32":"product_tag-elastinen-iho","33":"product_tag-imeytys","34":"product_tag-interferenssi","35":"product_tag-iontoforeesi","36":"product_tag-kasvot","37":"product_tag-kiinteytys","38":"product_tag-lihasharjoitukset","39":"product_tag-lihasten-kiinteytys","40":"product_tag-liikahikoiluhoito","41":"product_tag-mikrovirta","42":"product_tag-neulaton-mesoterapia","43":"product_tag-radiofrekvenssi","44":"product_tag-radiotaajuus","45":"product_tag-rasvanpoltto","46":"product_tag-stimulaaatiovirta","47":"product_tag-ultraaani","48":"product_tag-vartalo","49":"product_tag-yhdistelmahoidot","50":"product_tag-yhdistelmalaite","52":"first","53":"instock","54":"taxable","55":"shipping-taxable","56":"purchasable","57":"product-type-simple"},"_links":{"self":[{"href":"https:\/\/shop.diter.com\/en\/wp-json\/wp\/v2\/product\/431","targetHints":{"allow":["GET"]}}],"collection":[{"href":"https:\/\/shop.diter.com\/en\/wp-json\/wp\/v2\/product"}],"about":[{"href":"https:\/\/shop.diter.com\/en\/wp-json\/wp\/v2\/types\/product"}],"replies":[{"embeddable":true,"href":"https:\/\/shop.diter.com\/en\/wp-json\/wp\/v2\/comments?post=431"}],"wp:featuredmedia":[{"embeddable":true,"href":"https:\/\/shop.diter.com\/en\/wp-json\/wp\/v2\/media\/4309"}],"wp:attachment":[{"href":"https:\/\/shop.diter.com\/en\/wp-json\/wp\/v2\/media?parent=431"}],"wp:term":[{"taxonomy":"product_brand","embeddable":true,"href":"https:\/\/shop.diter.com\/en\/wp-json\/wp\/v2\/product_brand?post=431"},{"taxonomy":"product_cat","embeddable":true,"href":"https:\/\/shop.diter.com\/en\/wp-json\/wp\/v2\/product_cat?post=431"},{"taxonomy":"product_tag","embeddable":true,"href":"https:\/\/shop.diter.com\/en\/wp-json\/wp\/v2\/product_tag?post=431"}],"curies":[{"name":"wp","href":"https:\/\/api.w.org\/{rel}","templated":true}]}}