{"id":4210,"date":"2025-01-09T14:38:43","date_gmt":"2025-01-09T14:38:43","guid":{"rendered":"https:\/\/shop.diter.com\/?post_type=product&#038;p=4210"},"modified":"2025-07-09T08:48:42","modified_gmt":"2025-07-09T08:48:42","slug":"mariage","status":"publish","type":"product","link":"https:\/\/shop.diter.com\/en\/product\/mariage\/","title":{"rendered":"Mariage hydrogen water generator"},"content":{"rendered":"<p>The Mariage hydrogen water generator from Japanese company Doctors Man produces hydrogen-enriched water through electrolysis. The hydrogen content of the produced water is 1.1-1.4 ppm.<\/p>\n<p>Mariage is equipped with a state-of-the-art electrolysis cell, which has been proven in durability tests to produce 12,000 liters of hydrogen water. Mariage is very easy to use and maintain.<\/p>\n<p>Mariage sis\u00e4lt\u00e4\u00e4 my\u00f6s suodattimen, joka puhdistaa vedest\u00e4 mm. raskaita metalleja ja klooria.<\/p>\n<p>Diter Oy acts as Doctors Man's authorized distributor in Finland. More information about the device is also available on the manufacturer's website: <a style=\"color: blue;\" href=\"https:\/\/doctorsman-global.com\/product\/plus-h\/\" target=\"_blank\" rel=\"noopener\">https:\/\/doctorsman-global.com\/product\/plus-h\/<\/a><\/p>","protected":false},"excerpt":{"rendered":"<div><\/div>\n<div>A compact, stylishly designed and high-quality hydrogen water generator. Designed for home and small office use. The Mariage's hydrogen gas producing cell utilizes patented hydrogen production technology.<\/div>","protected":false},"featured_media":4223,"comment_status":"closed","ping_status":"closed","template":"","meta":[],"product_brand":[],"product_cat":[649,794],"product_tag":[793,792],"class_list":{"0":"post-4210","1":"product","2":"type-product","3":"status-publish","4":"has-post-thumbnail","6":"product_cat-kotilaitteet","7":"product_cat-vetyvesituotteet","8":"product_tag-vetyhengitys","9":"product_tag-vetyterapia","11":"first","12":"onbackorder","13":"taxable","14":"shipping-taxable","15":"purchasable","16":"product-type-simple"},"_links":{"self":[{"href":"https:\/\/shop.diter.com\/en\/wp-json\/wp\/v2\/product\/4210","targetHints":{"allow":["GET"]}}],"collection":[{"href":"https:\/\/shop.diter.com\/en\/wp-json\/wp\/v2\/product"}],"about":[{"href":"https:\/\/shop.diter.com\/en\/wp-json\/wp\/v2\/types\/product"}],"replies":[{"embeddable":true,"href":"https:\/\/shop.diter.com\/en\/wp-json\/wp\/v2\/comments?post=4210"}],"wp:featuredmedia":[{"embeddable":true,"href":"https:\/\/shop.diter.com\/en\/wp-json\/wp\/v2\/media\/4223"}],"wp:attachment":[{"href":"https:\/\/shop.diter.com\/en\/wp-json\/wp\/v2\/media?parent=4210"}],"wp:term":[{"taxonomy":"product_brand","embeddable":true,"href":"https:\/\/shop.diter.com\/en\/wp-json\/wp\/v2\/product_brand?post=4210"},{"taxonomy":"product_cat","embeddable":true,"href":"https:\/\/shop.diter.com\/en\/wp-json\/wp\/v2\/product_cat?post=4210"},{"taxonomy":"product_tag","embeddable":true,"href":"https:\/\/shop.diter.com\/en\/wp-json\/wp\/v2\/product_tag?post=4210"}],"curies":[{"name":"wp","href":"https:\/\/api.w.org\/{rel}","templated":true}]}}