{"id":420,"date":"2021-09-17T08:17:23","date_gmt":"2021-09-17T08:17:23","guid":{"rendered":"https:\/\/verkkokauppa.diter.com\/?post_type=product&#038;p=420"},"modified":"2025-10-02T12:26:19","modified_gmt":"2025-10-02T12:26:19","slug":"ditelle-sonic","status":"publish","type":"product","link":"https:\/\/shop.diter.com\/en\/product\/ditelle-sonic\/","title":{"rendered":"Ditelle Sonic ultra\u00e4\u00e4nipuhdistukseen"},"content":{"rendered":"<p>Ditelle Sonic on helppok\u00e4ytt\u00f6inen ja hiljainen ultra\u00e4\u00e4nipuhdistus- ja iontoforeesilaite kosmetologien k\u00e4ytt\u00f6\u00f6n.<br \/>\nUudistunut asiakasyst\u00e4v\u00e4llinen k\u00e4ytt\u00f6liittym\u00e4 mahdollistaa hoitotehon s\u00e4\u00e4d\u00f6n hoidon aikana ilman keskeytyksi\u00e4.<br \/>\nVoit tehostaa hoitoja galvaanisen virran avulla tai suorittaa hoidot vain ultra\u00e4\u00e4nen v\u00e4r\u00e4htelyn kanssa.<br \/>\nMuuttamalla hoitoasetuksia voit toteuttaa ihoa yksil\u00f6llisesti huomioivan hoidon jokaiselle asiakkaallesi.<\/p>\n<p><strong>We recommend device for:<\/strong><\/p>\n<div>\n<p>\u2022 Purifying treatments<br \/>\n\u2022 Absorption treatments for face (iontophoresis)<br \/>\n\u2022 For facial ultrasound treatments (pulsating and continuous ultrasound)<\/p>\n<div>\n<div><strong>Ihosolukon poisto sek\u00e4 kevyt kuorintavaihe <\/strong><strong>ennen kasvojen mekaanista puhdistusta<br \/>\n<\/strong><br \/>\nLaitteella voidaan turvallisesti ja hell\u00e4varaisesti puhdistaa ja kuoria erilaisia ihotyyppej\u00e4 valitsemalla sopivat<br \/>\nasetuksen hoitoalueen mukaan.<\/div>\n<div><\/div>\n<div><strong>Vaikuttavien aineiden kuljetus ihoon<\/strong><br \/>\nKun hoitop\u00e4\u00e4n k\u00e4\u00e4nt\u00e4\u00e4, Ditelle Sonic -laitteella teet tehokkaita sonoforeesi- imeytyshoitoja,\u00a0 jossa voidaan<br \/>\nk\u00e4ytt\u00e4\u00e4 my\u00f6s jaksottaista tai jatkuvaa ultra\u00e4\u00e4nen v\u00e4r\u00e4htely\u00e4.<\/div>\n<div><\/div>\n<div><span style=\"color: #282828;\"><strong>Absorption therapy by iontophoresis<\/strong><\/span><\/div>\n<\/div>\n<\/div>\n<p>Ditelle UPI i enables galvanic direct current activation during cleansing and absorption treatment. Ditelle UPI i allows activating galvanic direct current during cleansing and absorption therapy. A metal neutral electrode should be attached to the client's arm for proper treatment. During the cleansing you may let the electrolytic effect of the electric current deep cleanse and sooth the skin.<br \/>\nAbsorption therapy is significantly enhanced by iontophoresis an polarized ampoules. Iontophoresis can be performed with either positive or negative polarity.<\/p>\n<div><\/div>\n<div><\/div>","protected":false},"excerpt":{"rendered":"<div>Ditelle Sonic on n\u00e4pp\u00e4r\u00e4 ja tehokas laite ultra\u00e4\u00e4nipuhdistukseen ja iontoforeesihoitoihin.<\/div>","protected":false},"featured_media":4319,"comment_status":"closed","ping_status":"closed","template":"","meta":[],"product_brand":[],"product_cat":[616,620,623,608],"product_tag":[93,99,104,102,84,96,95,98,103,89,76,101,100],"class_list":{"0":"post-420","1":"product","2":"type-product","3":"status-publish","4":"has-post-thumbnail","6":"product_cat-galvaanine-virta","7":"product_cat-hoitomenetelmat","8":"product_cat-iontoforeesi","9":"product_cat-ultraaani-puhdistus","10":"product_tag-avainlipputuote","11":"product_tag-ditelle","12":"product_tag-helppokayttoinen","13":"product_tag-ihon-kuorinta","14":"product_tag-imeytys","15":"product_tag-iontoforeesi","16":"product_tag-kasvohoito","17":"product_tag-kotimainen","18":"product_tag-kuorinta","19":"product_tag-puhdistus","20":"product_tag-ultraaani","21":"product_tag-upi","22":"product_tag-upii","24":"first","25":"instock","26":"featured","27":"taxable","28":"shipping-taxable","29":"purchasable","30":"product-type-simple"},"_links":{"self":[{"href":"https:\/\/shop.diter.com\/en\/wp-json\/wp\/v2\/product\/420","targetHints":{"allow":["GET"]}}],"collection":[{"href":"https:\/\/shop.diter.com\/en\/wp-json\/wp\/v2\/product"}],"about":[{"href":"https:\/\/shop.diter.com\/en\/wp-json\/wp\/v2\/types\/product"}],"replies":[{"embeddable":true,"href":"https:\/\/shop.diter.com\/en\/wp-json\/wp\/v2\/comments?post=420"}],"wp:featuredmedia":[{"embeddable":true,"href":"https:\/\/shop.diter.com\/en\/wp-json\/wp\/v2\/media\/4319"}],"wp:attachment":[{"href":"https:\/\/shop.diter.com\/en\/wp-json\/wp\/v2\/media?parent=420"}],"wp:term":[{"taxonomy":"product_brand","embeddable":true,"href":"https:\/\/shop.diter.com\/en\/wp-json\/wp\/v2\/product_brand?post=420"},{"taxonomy":"product_cat","embeddable":true,"href":"https:\/\/shop.diter.com\/en\/wp-json\/wp\/v2\/product_cat?post=420"},{"taxonomy":"product_tag","embeddable":true,"href":"https:\/\/shop.diter.com\/en\/wp-json\/wp\/v2\/product_tag?post=420"}],"curies":[{"name":"wp","href":"https:\/\/api.w.org\/{rel}","templated":true}]}}