{"id":4165,"date":"2024-09-02T09:44:28","date_gmt":"2024-09-02T09:44:28","guid":{"rendered":"https:\/\/shop.diter.com\/?post_type=product&#038;p=4165"},"modified":"2026-03-13T19:53:16","modified_gmt":"2026-03-13T19:53:16","slug":"neulamoduulipakkaus-10-x-200-mm-myneula200","status":"publish","type":"product","link":"https:\/\/shop.diter.com\/en\/product\/neulamoduulipakkaus-10-x-200-mm-myneula200\/","title":{"rendered":"Neulamoduulipakkaus 10 x 2,00 mm (MyNeula200)"},"content":{"rendered":"","protected":false},"excerpt":{"rendered":"<p>10 kpl:n neulamoduulipaketti. Neulan pituus s\u00e4\u00e4dett\u00e4viss\u00e4 laitteesta riippuen 0,25\u20132,00 mm.<\/p>","protected":false},"featured_media":3717,"comment_status":"closed","ping_status":"closed","template":"","meta":[],"product_brand":[],"product_cat":[776,597],"product_tag":[780,678],"class_list":{"0":"post-4165","1":"product","2":"type-product","3":"status-publish","4":"has-post-thumbnail","6":"product_cat-neulamoduulit","7":"product_cat-varusteet","8":"product_tag-mikroneulaus","9":"product_tag-neulamoduuli","11":"first","12":"instock","13":"taxable","14":"shipping-taxable","15":"purchasable","16":"product-type-simple"},"_links":{"self":[{"href":"https:\/\/shop.diter.com\/en\/wp-json\/wp\/v2\/product\/4165","targetHints":{"allow":["GET"]}}],"collection":[{"href":"https:\/\/shop.diter.com\/en\/wp-json\/wp\/v2\/product"}],"about":[{"href":"https:\/\/shop.diter.com\/en\/wp-json\/wp\/v2\/types\/product"}],"replies":[{"embeddable":true,"href":"https:\/\/shop.diter.com\/en\/wp-json\/wp\/v2\/comments?post=4165"}],"wp:featuredmedia":[{"embeddable":true,"href":"https:\/\/shop.diter.com\/en\/wp-json\/wp\/v2\/media\/3717"}],"wp:attachment":[{"href":"https:\/\/shop.diter.com\/en\/wp-json\/wp\/v2\/media?parent=4165"}],"wp:term":[{"taxonomy":"product_brand","embeddable":true,"href":"https:\/\/shop.diter.com\/en\/wp-json\/wp\/v2\/product_brand?post=4165"},{"taxonomy":"product_cat","embeddable":true,"href":"https:\/\/shop.diter.com\/en\/wp-json\/wp\/v2\/product_cat?post=4165"},{"taxonomy":"product_tag","embeddable":true,"href":"https:\/\/shop.diter.com\/en\/wp-json\/wp\/v2\/product_tag?post=4165"}],"curies":[{"name":"wp","href":"https:\/\/api.w.org\/{rel}","templated":true}]}}