{"id":4118,"date":"2024-05-06T10:01:25","date_gmt":"2024-05-06T10:01:25","guid":{"rendered":"https:\/\/shop.diter.com\/?post_type=product&#038;p=4118"},"modified":"2025-10-02T12:27:56","modified_gmt":"2025-10-02T12:27:56","slug":"elektroporaatiohoitopaa","status":"publish","type":"product","link":"https:\/\/shop.diter.com\/en\/product\/elektroporaatiohoitopaa\/","title":{"rendered":"Elektroporaatiohoitop\u00e4\u00e4 kasvoille (THE)"},"content":{"rendered":"","protected":false},"excerpt":{"rendered":"<div>\n<p>Elektroporaatiohoitop\u00e4\u00e4 kasvoille. T\u00e4m\u00e4n uuden elektroporaatiohoitop\u00e4\u00e4n kanssa teet hell\u00e4varaiset, mutta tehokkaat imeytyshoidot mukavammin ja helpommin kuin 2-palloelektrodin tai kyn\u00e4elektrodin avulla<\/p>\n<p>&nbsp;<\/p>\n<\/div>","protected":false},"featured_media":4320,"comment_status":"closed","ping_status":"closed","template":"","meta":[],"product_brand":[],"product_cat":[603,597],"product_tag":[265,788,789,75,112,787,251,77,118,786],"class_list":{"0":"post-4118","1":"product","2":"type-product","3":"status-publish","4":"has-post-thumbnail","6":"product_cat-hoitopaat","7":"product_cat-varusteet","8":"product_tag-cav","9":"product_tag-ditelle900","10":"product_tag-ditelleelectra","11":"product_tag-electra","12":"product_tag-elektroporaatio","13":"product_tag-elektroporation","14":"product_tag-hoitopaa","15":"product_tag-kasvot","16":"product_tag-mesoterapia","17":"product_tag-the","19":"first","20":"instock","21":"taxable","22":"shipping-taxable","23":"purchasable","24":"product-type-simple"},"_links":{"self":[{"href":"https:\/\/shop.diter.com\/en\/wp-json\/wp\/v2\/product\/4118","targetHints":{"allow":["GET"]}}],"collection":[{"href":"https:\/\/shop.diter.com\/en\/wp-json\/wp\/v2\/product"}],"about":[{"href":"https:\/\/shop.diter.com\/en\/wp-json\/wp\/v2\/types\/product"}],"replies":[{"embeddable":true,"href":"https:\/\/shop.diter.com\/en\/wp-json\/wp\/v2\/comments?post=4118"}],"wp:featuredmedia":[{"embeddable":true,"href":"https:\/\/shop.diter.com\/en\/wp-json\/wp\/v2\/media\/4320"}],"wp:attachment":[{"href":"https:\/\/shop.diter.com\/en\/wp-json\/wp\/v2\/media?parent=4118"}],"wp:term":[{"taxonomy":"product_brand","embeddable":true,"href":"https:\/\/shop.diter.com\/en\/wp-json\/wp\/v2\/product_brand?post=4118"},{"taxonomy":"product_cat","embeddable":true,"href":"https:\/\/shop.diter.com\/en\/wp-json\/wp\/v2\/product_cat?post=4118"},{"taxonomy":"product_tag","embeddable":true,"href":"https:\/\/shop.diter.com\/en\/wp-json\/wp\/v2\/product_tag?post=4118"}],"curies":[{"name":"wp","href":"https:\/\/api.w.org\/{rel}","templated":true}]}}