{"id":4102,"date":"2024-03-01T14:10:25","date_gmt":"2024-03-01T14:10:25","guid":{"rendered":"https:\/\/shop.diter.com\/?post_type=product&#038;p=4102"},"modified":"2024-09-02T10:31:43","modified_gmt":"2024-09-02T10:31:43","slug":"timanttihoitopaapidin","status":"publish","type":"product","link":"https:\/\/shop.diter.com\/en\/product\/timanttihoitopaapidin\/","title":{"rendered":"Timanttihoitop\u00e4\u00e4pidin avaimella (DIApa)"},"content":{"rendered":"<p>Timanttihoitovarren erillinen pidin\/teline<\/p>","protected":false},"excerpt":{"rendered":"<div>\n<p>Duo ja Diamond laitteeseen soveltuva irrallinen hoitop\u00e4\u00e4n pidin. Pitimen mukana tulee kustomoitu avain, jolla pitimen voi irrottaa tarvittaessa telineest\u00e4.<\/p>\n<\/div>","protected":false},"featured_media":4104,"comment_status":"closed","ping_status":"closed","template":"","meta":[],"product_brand":[],"product_cat":[747],"product_tag":[282,283,155,94,88,87],"class_list":{"0":"post-4102","1":"product","2":"type-product","3":"status-publish","4":"has-post-thumbnail","6":"product_cat-timanttikuorinta-varusteet","7":"product_tag-diasetti","8":"product_tag-ditelle-9in1","9":"product_tag-ditelle-diamond","10":"product_tag-ditelle-duo","11":"product_tag-timanttihionta","12":"product_tag-timanttikuorinta","14":"first","15":"instock","16":"taxable","17":"shipping-taxable","18":"purchasable","19":"product-type-simple"},"_links":{"self":[{"href":"https:\/\/shop.diter.com\/en\/wp-json\/wp\/v2\/product\/4102","targetHints":{"allow":["GET"]}}],"collection":[{"href":"https:\/\/shop.diter.com\/en\/wp-json\/wp\/v2\/product"}],"about":[{"href":"https:\/\/shop.diter.com\/en\/wp-json\/wp\/v2\/types\/product"}],"replies":[{"embeddable":true,"href":"https:\/\/shop.diter.com\/en\/wp-json\/wp\/v2\/comments?post=4102"}],"wp:featuredmedia":[{"embeddable":true,"href":"https:\/\/shop.diter.com\/en\/wp-json\/wp\/v2\/media\/4104"}],"wp:attachment":[{"href":"https:\/\/shop.diter.com\/en\/wp-json\/wp\/v2\/media?parent=4102"}],"wp:term":[{"taxonomy":"product_brand","embeddable":true,"href":"https:\/\/shop.diter.com\/en\/wp-json\/wp\/v2\/product_brand?post=4102"},{"taxonomy":"product_cat","embeddable":true,"href":"https:\/\/shop.diter.com\/en\/wp-json\/wp\/v2\/product_cat?post=4102"},{"taxonomy":"product_tag","embeddable":true,"href":"https:\/\/shop.diter.com\/en\/wp-json\/wp\/v2\/product_tag?post=4102"}],"curies":[{"name":"wp","href":"https:\/\/api.w.org\/{rel}","templated":true}]}}