{"id":4026,"date":"2023-11-28T12:15:46","date_gmt":"2023-11-28T12:15:46","guid":{"rendered":"https:\/\/shop.diter.com\/?post_type=product&#038;p=4026"},"modified":"2026-04-28T10:23:29","modified_gmt":"2026-04-28T10:23:29","slug":"ditelle-ultradio","status":"publish","type":"product","link":"https:\/\/shop.diter.com\/en\/product\/ditelle-ultradio\/","title":{"rendered":"Ditelle UltRadio \u2013 ultrasound and RF treatment device"},"content":{"rendered":"<p><strong>Ult<\/strong>ra and <strong>Radio<\/strong>frequency power in a small device.<\/p>\n<p>Ditelle UltRadio-hoidoissa ultra\u00e4\u00e4ni paineaalto tai radiotaajuudella toteutettu s\u00e4hk\u00f6virtaenergia voidaan vied\u00e4 turvallisesti kudokseen.<br \/>\nHoitoliikkeet tuntuvat lempe\u00e4lt\u00e4 hieronnalta iholla, joten asiakkaana voit rentoutua ja nauttia hoidosta.<br \/>\nDitelle-laitteet on suunniteltu, valmistettu ja testattu Suomessa.<\/p>\n<p class=\"translation-block\"><strong>Award-winning 3-frequency technology<\/strong><br>\nMoisturizing ultrasound treatment restores your skin's natural healthy glow and gives it vitality.<br>\nThree frequencies (3 MHz, 2 MHz and 0.9 MHz) can be selected in the same treatment head, depending on the treatment area.<br>\nCaring ultrasound calms, soothes and balances inflamed and strained skin.<br>\nThe treatment visibly reduces the redness of the skin after just one treatment.<\/p>\n<p class=\"translation-block\"><strong>We recommend Ditelle radio frequency <\/strong>for Anti-Age treatments against signs of aging.<br>\nRadiofrequency heats the skin and subcutaneous tissue, and with the ideal temperature increase, gets the existing<br>\ncollagen to react, which has the effect of increasing skin elasticity.<br>\nAfter RF treatment, the skin is visibly smoother and firmer.<\/p>\n<p class=\"translation-block\">In body treatments, the use of radiofrequency is recommended if the elasticity of the skin area has visibly<br>\nworsened. The treatment visibly reduces skin laxity in just one treatment. You will get the best result with a serial treatment.<\/p>\n<p>Clear ready-made programs help to administer treatments efficiently and safely, regardless of the treatment area.<\/p>","protected":false},"excerpt":{"rendered":"<p>Ultrasound and radio frequency treatment device<br \/>\n- Our two most popular forms of treatment now in the same device.<\/p>","protected":false},"featured_media":4316,"comment_status":"closed","ping_status":"closed","template":"","meta":[],"product_brand":[],"product_cat":[600,702,706,700,601,704,612,607],"product_tag":[],"class_list":{"0":"post-4026","1":"product","2":"type-product","3":"status-publish","4":"has-post-thumbnail","6":"product_cat-ammattikayttoon","7":"product_cat-anti-age","8":"product_cat-arpihoidot","9":"product_cat-hoitava-ultraaani","10":"product_cat-kauneudenhoito","11":"product_cat-kosteutus","12":"product_cat-radiofrekvenssi","13":"product_cat-ultraani-imeytys","15":"first","16":"onbackorder","17":"taxable","18":"shipping-taxable","19":"purchasable","20":"product-type-simple"},"_links":{"self":[{"href":"https:\/\/shop.diter.com\/en\/wp-json\/wp\/v2\/product\/4026","targetHints":{"allow":["GET"]}}],"collection":[{"href":"https:\/\/shop.diter.com\/en\/wp-json\/wp\/v2\/product"}],"about":[{"href":"https:\/\/shop.diter.com\/en\/wp-json\/wp\/v2\/types\/product"}],"replies":[{"embeddable":true,"href":"https:\/\/shop.diter.com\/en\/wp-json\/wp\/v2\/comments?post=4026"}],"wp:featuredmedia":[{"embeddable":true,"href":"https:\/\/shop.diter.com\/en\/wp-json\/wp\/v2\/media\/4316"}],"wp:attachment":[{"href":"https:\/\/shop.diter.com\/en\/wp-json\/wp\/v2\/media?parent=4026"}],"wp:term":[{"taxonomy":"product_brand","embeddable":true,"href":"https:\/\/shop.diter.com\/en\/wp-json\/wp\/v2\/product_brand?post=4026"},{"taxonomy":"product_cat","embeddable":true,"href":"https:\/\/shop.diter.com\/en\/wp-json\/wp\/v2\/product_cat?post=4026"},{"taxonomy":"product_tag","embeddable":true,"href":"https:\/\/shop.diter.com\/en\/wp-json\/wp\/v2\/product_tag?post=4026"}],"curies":[{"name":"wp","href":"https:\/\/api.w.org\/{rel}","templated":true}]}}