{"id":381,"date":"2021-09-16T07:39:54","date_gmt":"2021-09-16T07:39:54","guid":{"rendered":"https:\/\/verkkokauppa.diter.com\/?post_type=product&#038;p=381"},"modified":"2026-04-27T18:28:23","modified_gmt":"2026-04-27T18:28:23","slug":"ditelle-duo","status":"publish","type":"product","link":"https:\/\/shop.diter.com\/en\/product\/ditelle-duo\/","title":{"rendered":"Ditelle DUO &#8211; ultra\u00e4\u00e4nipuhdistus ja timanttikuorinta yhdess\u00e4"},"content":{"rendered":"<p>Pienikokoinen DUO on todella helppok\u00e4ytt\u00f6inen. DUOsta valitaan ensin hoitomuodoksi joko timanttikuorinta tai ultra\u00e4\u00e4nipuhdistus. Sen j\u00e4lkeen asetetaan halutut hoitoarvot. T\u00e4ll\u00e4 tavoin voit toteuttaa ihoa yksil\u00f6llisesti huomioivan hoidon jokaiselle asiakkaalle.<\/p>\n<p><strong>Diamond peeling<\/strong> poistaa kuollutta ihosolukkoa ja puhdistaa ihon pintaa. Sen avulla hoidetaan mm. ihon ep\u00e4puhtauksia sek\u00e4 h\u00e4ivytet\u00e4\u00e4n pintaryppyj\u00e4, laajentuneita ihohuokosia ja pinnallisia aknearpia. K\u00e4sittely valmistaa ihoa ottamaan paremmin vastaan erilaisia hoitotuotteita.\u00a0 Ditelle DUOn timanttikuorinnassa voi hy\u00f6dynt\u00e4\u00e4 yhdeks\u00e4\u00e4 erilaista karheushoitop\u00e4\u00e4t\u00e4, joista l\u00f6ytyy my\u00f6s erikoiskarheusp\u00e4\u00e4 herk\u00e4lle silm\u00e4nymp\u00e4rysiholle. Alipainetta on mahdollisuus s\u00e4\u00e4t\u00e4\u00e4 jopa 500 mBariin asti, jotta ihokontakti on varmasti napakka ja hoitovaste hyv\u00e4.<\/p>\n<p><strong>Ultrasonic skin cleansing<\/strong> on hell\u00e4varainen ja kivuton syv\u00e4puhdistuksen hoitomuoto. Se sopii my\u00f6s herkk\u00e4ihoiselle. Ultra\u00e4\u00e4nilastalla voi tehd\u00e4 my\u00f6s kevyit\u00e4 imeytyshoitoja esimerkiksi timanttikuorinnan j\u00e4lkeen.<br \/>\nDitelle DUOn ultra\u00e4\u00e4nihoito tapahtuu ultra\u00e4\u00e4nikiteiden aiheuttaman mekaanisen v\u00e4rin\u00e4n avulla. Hoitomuodoksi on mahdollista valita joko jatkuva ultra\u00e4\u00e4ni tai pulsoiva (25\/50\/100 MHz) ultra\u00e4\u00e4ni. Voimakkuutta voi s\u00e4\u00e4t\u00e4\u00e4 asteikolla 1-9. Hoidon keston voi valita vapaasti.<\/p>\n<p><strong>Care features in a nutshell:<\/strong><\/p>\n<p><strong>Diamond peeling<\/strong><\/p>\n<p>\u2022 Peels, cleanses and brightens facial skin<br \/>\n\u2022 Smoothes the skin and relieves skin turbidity<br \/>\n\u2022 Skin looks more radiant already after the first treatment<br \/>\n\u2022 Fades acne scars and pigment changes from the skin surface<br \/>\n\u2022 Smoothes small surface wrinkles<br \/>\n\u2022 Revitalizes the blood circulation<\/p>\n<p><strong>Ultrasound:<\/strong><\/p>\n<p>\u2022 Blackhead removal<br \/>\n\u2022 Ihon pinnan tehokas puhdistaminen<br \/>\n\u2022 Skin brightening<br \/>\n\u2022 Enhancing the absorption of active subtances<\/p>\n<p>&nbsp;<\/p>\n<p>&nbsp;<\/p>\n<div><\/div>","protected":false},"excerpt":{"rendered":"<div>Finnish Ditelle DUO is amazingly quiet ultrasonic cleansing and diamond peeling device for professional use.<\/div>","protected":false},"featured_media":810,"comment_status":"closed","ping_status":"closed","template":"","meta":[],"product_brand":[],"product_cat":[613,608],"product_tag":[79,93,94,91,92,89,88,87,90],"class_list":{"0":"post-381","1":"product","2":"type-product","3":"status-publish","4":"has-post-thumbnail","6":"product_cat-timanttikuorinta","7":"product_cat-ultraaani-puhdistus","8":"product_tag-anti-age","9":"product_tag-avainlipputuote","10":"product_tag-ditelle-duo","11":"product_tag-imeytyshoito","12":"product_tag-mustapaat","13":"product_tag-puhdistus","14":"product_tag-timanttihionta","15":"product_tag-timanttikuorinta","16":"product_tag-ultraaanipuhdistus","18":"first","19":"onbackorder","20":"taxable","21":"shipping-taxable","22":"purchasable","23":"product-type-simple"},"_links":{"self":[{"href":"https:\/\/shop.diter.com\/en\/wp-json\/wp\/v2\/product\/381","targetHints":{"allow":["GET"]}}],"collection":[{"href":"https:\/\/shop.diter.com\/en\/wp-json\/wp\/v2\/product"}],"about":[{"href":"https:\/\/shop.diter.com\/en\/wp-json\/wp\/v2\/types\/product"}],"replies":[{"embeddable":true,"href":"https:\/\/shop.diter.com\/en\/wp-json\/wp\/v2\/comments?post=381"}],"wp:featuredmedia":[{"embeddable":true,"href":"https:\/\/shop.diter.com\/en\/wp-json\/wp\/v2\/media\/810"}],"wp:attachment":[{"href":"https:\/\/shop.diter.com\/en\/wp-json\/wp\/v2\/media?parent=381"}],"wp:term":[{"taxonomy":"product_brand","embeddable":true,"href":"https:\/\/shop.diter.com\/en\/wp-json\/wp\/v2\/product_brand?post=381"},{"taxonomy":"product_cat","embeddable":true,"href":"https:\/\/shop.diter.com\/en\/wp-json\/wp\/v2\/product_cat?post=381"},{"taxonomy":"product_tag","embeddable":true,"href":"https:\/\/shop.diter.com\/en\/wp-json\/wp\/v2\/product_tag?post=381"}],"curies":[{"name":"wp","href":"https:\/\/api.w.org\/{rel}","templated":true}]}}