{"id":350,"date":"2021-09-15T07:18:30","date_gmt":"2021-09-15T07:18:30","guid":{"rendered":"https:\/\/verkkokauppa.diter.com\/?post_type=product&#038;p=350"},"modified":"2026-04-28T11:10:54","modified_gmt":"2026-04-28T11:10:54","slug":"ditelle-electra","status":"publish","type":"product","link":"https:\/\/shop.diter.com\/en\/product\/ditelle-electra\/","title":{"rendered":"Ditelle Electra \u2013 power pack for cosmetologists and podiatrists"},"content":{"rendered":"<p>Kotimainen Ditelle Electra on helppok\u00e4ytt\u00f6inen ja tehokas kauneudenhoitolaite, joka tarjoaa useita hoito-ohjelmia kasvoille ja vartalolle. Electran avulla voi rauhoittaa mm. couperosa-ihoa, helli\u00e4 herkk\u00e4\u00e4 silm\u00e4nymp\u00e4rysihoa ja h\u00e4ivytt\u00e4\u00e4 arpikudosta sek\u00e4 kiinteytt\u00e4\u00e4 vartaloa. Laite on pienikokoinen ja se painaa alle kilon. T\u00e4m\u00e4 s\u00e4hk\u00f6inen apulainen on helppo pakata mukaan kotik\u00e4ynneille<strong>.<\/strong><\/p>\n<p><strong> Ditelle Electra<\/strong> is so easy to use that you may not even need a manual to use it. Once you have turned  the device on, all you need to do is follow the instructions on the LCD screen. You can choose a treatment based on the type of electrical current or the treatment area. With ready-made treatment programs, you only need to set the treatment electrodes, start the treatment and adjust the current.<\/p>\n<p><strong>Arrange the electrodes<\/strong>: Laitteen esikatselutilassa n\u00e4et laitteen hoitokohtaiset ohjeet elektrodien asettelulle. Laite opastaa sinua oikeaoppisessa toteutuksessa hoitokohteesta riippumatta. Selkeiden ohjeiden ansiosta laitteen k\u00e4ytt\u00f6 on turvallista.<\/p>\n<div><\/div>\n<p><strong>FEATURES:<\/strong><\/p>\n<p><strong>Stimulation current: <\/strong>Stimulation current activates and trains muscles. It also affects skin elasticity. Stimulation current has many variations for facial or body therapies. Therefore, it is possible to choose suitable therapy for each customer. In body therapies, the focus is mainly in firming muscles, fat burning and training muscles.<\/p>\n<p><strong>Interference current:<\/strong> Interference current treatment can firm up loose skin and muscle tissue. It also increases wiriness, enhances both circulation and metabolism. Frequency power and dosage are chosen according to the treated area.<\/p>\n<p><strong>Iontophoresis:<\/strong> Absorbs active incredients to the skin tissue with help of direct current.<\/p>\n<p><strong>Microcurrent:<\/strong> Microcurrent is electrical stimulation using very small currents to stimulate cells. This will rejuvenate the skin and give it a healthy glow.<\/p>\n<p><strong>Elektroporaatio:<\/strong> invigorates the skin and at the same time gently delivers active ingredients to the skin.<\/p>\n<p><strong>Extra:<\/strong> The device also contains a versatile selection for professional level treatments (tendonitis treatment, etc.) as well as selected programs for podiatrists such as plantar fasciitis, Morton's neuroma, etc.<\/p>","protected":false},"excerpt":{"rendered":"<div>Ditelle Electra is a versatile electrotherapy device for face and body treatments. The device also contains ready-made programs for special treatments (electroporation, scar treatment, lady's bump) and more demanding foot treatments.<\/div>","protected":false},"featured_media":1130,"comment_status":"closed","ping_status":"closed","template":"","meta":[],"product_brand":[],"product_cat":[702,706,621,616,620,615,623,601,704,628,625,701,614,703],"product_tag":[109,75,130,96,77,122,707,471,78],"class_list":{"0":"post-350","1":"product","2":"type-product","3":"status-publish","4":"has-post-thumbnail","6":"product_cat-anti-age","7":"product_cat-arpihoidot","8":"product_cat-elektroporaatio","9":"product_cat-galvaanine-virta","10":"product_cat-hoitomenetelmat","11":"product_cat-interferenssi","12":"product_cat-iontoforeesi","13":"product_cat-kauneudenhoito","14":"product_cat-kosteutus","15":"product_cat-lifting","16":"product_cat-mikrovirta","17":"product_cat-silmanymparysiho","18":"product_cat-stimulaatiovirta","19":"product_cat-tulehtunut-ja-herkka-iho","20":"product_tag-couperosa","21":"product_tag-electra","22":"product_tag-interferenssi","23":"product_tag-iontoforeesi","24":"product_tag-kasvot","25":"product_tag-mikrovirta","26":"product_tag-silmanympary","27":"product_tag-stimulaatiovirta","28":"product_tag-vartalo","30":"first","31":"onbackorder","32":"taxable","33":"shipping-taxable","34":"purchasable","35":"product-type-simple"},"_links":{"self":[{"href":"https:\/\/shop.diter.com\/en\/wp-json\/wp\/v2\/product\/350","targetHints":{"allow":["GET"]}}],"collection":[{"href":"https:\/\/shop.diter.com\/en\/wp-json\/wp\/v2\/product"}],"about":[{"href":"https:\/\/shop.diter.com\/en\/wp-json\/wp\/v2\/types\/product"}],"replies":[{"embeddable":true,"href":"https:\/\/shop.diter.com\/en\/wp-json\/wp\/v2\/comments?post=350"}],"wp:featuredmedia":[{"embeddable":true,"href":"https:\/\/shop.diter.com\/en\/wp-json\/wp\/v2\/media\/1130"}],"wp:attachment":[{"href":"https:\/\/shop.diter.com\/en\/wp-json\/wp\/v2\/media?parent=350"}],"wp:term":[{"taxonomy":"product_brand","embeddable":true,"href":"https:\/\/shop.diter.com\/en\/wp-json\/wp\/v2\/product_brand?post=350"},{"taxonomy":"product_cat","embeddable":true,"href":"https:\/\/shop.diter.com\/en\/wp-json\/wp\/v2\/product_cat?post=350"},{"taxonomy":"product_tag","embeddable":true,"href":"https:\/\/shop.diter.com\/en\/wp-json\/wp\/v2\/product_tag?post=350"}],"curies":[{"name":"wp","href":"https:\/\/api.w.org\/{rel}","templated":true}]}}