{"id":2284,"date":"2022-02-02T10:46:36","date_gmt":"2022-02-02T10:46:36","guid":{"rendered":"https:\/\/verkkokauppa.diter.com\/?post_type=product&#038;p=2284"},"modified":"2024-09-02T13:57:13","modified_gmt":"2024-09-02T13:57:13","slug":"fysioterpia-ditelle-bene","status":"publish","type":"product","link":"https:\/\/shop.diter.com\/en\/product\/fysioterpia-ditelle-bene\/","title":{"rendered":"Ditelle Bene - Electrolymph device"},"content":{"rendered":"<div>Elektrolymfahoito tasapainottaa kehoa luonnollisesti. Hoito toteutetaan jalkojen kautta ja sen vaikutukset tuntuvat koko kehossa. Kuona-aineiden poistumista kehosta tehostetaan s\u00e4hk\u00f6magneettisen kent\u00e4n avulla. Elektrolymfan ansiosta aineenvaihdunta ja verenkierto vilkastuu ja turvotus v\u00e4henee. Jo ensimm\u00e4isen hoitokerran j\u00e4lkeen asiakkaalla on virkistynyt ja rentoutunut olo. \u00a0Laite on kaksikanavainen, joten sen avulla voi hoitaa kaksi asiakasta samanaikaisesti. Yksi hoitokerta kest\u00e4\u00e4 noin 30-40 minuuttia. Paras hoitotulos saavutetaan sarjahoidoilla.<\/div>\n<div><\/div>","protected":false},"excerpt":{"rendered":"<div>Kotimainen, 2-kanavainen elektrolymfalaite. Hoito auttaa kehoa puhdistautumaan lymfanestekiertoa aktivoimalla.<\/div>","protected":false},"featured_media":1923,"comment_status":"closed","ping_status":"closed","template":"","meta":[],"product_brand":[],"product_cat":[626,620,602,601],"product_tag":[194,193,190,189,127,98,191,192],"class_list":{"0":"post-2284","1":"product","2":"type-product","3":"status-publish","4":"has-post-thumbnail","6":"product_cat-elektrolymfa","7":"product_cat-hoitomenetelmat","8":"product_cat-hoitomuodot","9":"product_cat-kauneudenhoito","10":"product_tag-avainlippu","11":"product_tag-bioenergeettinen-tasapaino","12":"product_tag-ditelle-bene","13":"product_tag-elektrolymfa","14":"product_tag-kauneus","15":"product_tag-kotimainen","16":"product_tag-lymfaneste","17":"product_tag-lymfanestekierto","19":"first","20":"onbackorder","21":"taxable","22":"shipping-taxable","23":"purchasable","24":"product-type-simple"},"_links":{"self":[{"href":"https:\/\/shop.diter.com\/en\/wp-json\/wp\/v2\/product\/2284","targetHints":{"allow":["GET"]}}],"collection":[{"href":"https:\/\/shop.diter.com\/en\/wp-json\/wp\/v2\/product"}],"about":[{"href":"https:\/\/shop.diter.com\/en\/wp-json\/wp\/v2\/types\/product"}],"replies":[{"embeddable":true,"href":"https:\/\/shop.diter.com\/en\/wp-json\/wp\/v2\/comments?post=2284"}],"wp:featuredmedia":[{"embeddable":true,"href":"https:\/\/shop.diter.com\/en\/wp-json\/wp\/v2\/media\/1923"}],"wp:attachment":[{"href":"https:\/\/shop.diter.com\/en\/wp-json\/wp\/v2\/media?parent=2284"}],"wp:term":[{"taxonomy":"product_brand","embeddable":true,"href":"https:\/\/shop.diter.com\/en\/wp-json\/wp\/v2\/product_brand?post=2284"},{"taxonomy":"product_cat","embeddable":true,"href":"https:\/\/shop.diter.com\/en\/wp-json\/wp\/v2\/product_cat?post=2284"},{"taxonomy":"product_tag","embeddable":true,"href":"https:\/\/shop.diter.com\/en\/wp-json\/wp\/v2\/product_tag?post=2284"}],"curies":[{"name":"wp","href":"https:\/\/api.w.org\/{rel}","templated":true}]}}